{"id":1929,"date":"2024-08-28T12:06:22","date_gmt":"2024-08-28T10:06:22","guid":{"rendered":"https:\/\/www.kabutostudios.es\/motion-control\/"},"modified":"2025-04-04T22:32:37","modified_gmt":"2025-04-04T20:32:37","slug":"motion-control","status":"publish","type":"page","link":"https:\/\/www.kabutostudios.es\/es\/motion-control\/","title":{"rendered":"Motion Control"},"content":{"rendered":"\t\t<div data-elementor-type=\"wp-page\" data-elementor-id=\"1929\" class=\"elementor elementor-1929 elementor-55\">\n\t\t\t\t<div class=\"elementor-element elementor-element-8ba7842 e-con-full page-intro intro-video e-flex e-con e-parent\" data-id=\"8ba7842\" data-element_type=\"container\" data-settings=\"{&quot;background_background&quot;:&quot;classic&quot;}\">\n\t\t<div class=\"elementor-element elementor-element-2ebaf8c e-con-full intro-img e-flex e-con e-child\" data-id=\"2ebaf8c\" data-element_type=\"container\">\n\t\t\t\t<div class=\"elementor-element elementor-element-7f4abfc elementor-widget__width-initial elementor-widget elementor-widget-image\" data-id=\"7f4abfc\" data-element_type=\"widget\" data-widget_type=\"image.default\">\n\t\t\t\t<div class=\"elementor-widget-container\">\n\t\t\t\t\t\t\t\t\t\t\t\t\t\t\t<img decoding=\"async\" width=\"2000\" height=\"1500\" src=\"https:\/\/www.kabutostudios.es\/wp-content\/uploads\/2025\/04\/publicidad_samsung_alexia_putellas_bolt_motion_control_alexaminilf_cooke.jpg\" class=\"attachment-full size-full wp-image-3854\" alt=\"\" srcset=\"https:\/\/www.kabutostudios.es\/wp-content\/uploads\/2025\/04\/publicidad_samsung_alexia_putellas_bolt_motion_control_alexaminilf_cooke.jpg 2000w, https:\/\/www.kabutostudios.es\/wp-content\/uploads\/2025\/04\/publicidad_samsung_alexia_putellas_bolt_motion_control_alexaminilf_cooke-300x225.jpg 300w, https:\/\/www.kabutostudios.es\/wp-content\/uploads\/2025\/04\/publicidad_samsung_alexia_putellas_bolt_motion_control_alexaminilf_cooke-1024x768.jpg 1024w, https:\/\/www.kabutostudios.es\/wp-content\/uploads\/2025\/04\/publicidad_samsung_alexia_putellas_bolt_motion_control_alexaminilf_cooke-768x576.jpg 768w, https:\/\/www.kabutostudios.es\/wp-content\/uploads\/2025\/04\/publicidad_samsung_alexia_putellas_bolt_motion_control_alexaminilf_cooke-1536x1152.jpg 1536w\" sizes=\"(max-width: 2000px) 100vw, 2000px\" \/>\t\t\t\t\t\t\t\t\t\t\t\t\t\t\t<\/div>\n\t\t\t\t<\/div>\n\t\t\t\t<\/div>\n\t\t<div class=\"elementor-element elementor-element-f6f5693 e-con-full intro-overlay e-flex e-con e-child\" data-id=\"f6f5693\" data-element_type=\"container\" data-settings=\"{&quot;position&quot;:&quot;absolute&quot;}\">\n\t\t\t\t<\/div>\n\t\t<div class=\"elementor-element elementor-element-71719cd e-flex e-con-boxed e-con e-child\" data-id=\"71719cd\" data-element_type=\"container\">\n\t\t\t\t\t<div class=\"e-con-inner\">\n\t\t\t\t<div class=\"elementor-element elementor-element-e17f47b elementor-widget elementor-widget-heading\" data-id=\"e17f47b\" data-element_type=\"widget\" data-widget_type=\"heading.default\">\n\t\t\t\t<div class=\"elementor-widget-container\">\n\t\t\t\t\t<h1 class=\"elementor-heading-title elementor-size-default\">Motion Control<\/h1>\t\t\t\t<\/div>\n\t\t\t\t<\/div>\n\t\t\t\t\t<\/div>\n\t\t\t\t<\/div>\n\t\t\t\t<\/div>\n\t\t<div class=\"elementor-element elementor-element-e86319d no-margin-bot e-flex e-con-boxed e-con e-parent\" data-id=\"e86319d\" data-element_type=\"container\">\n\t\t\t\t\t<div class=\"e-con-inner\">\n\t\t\t\t<div class=\"elementor-element elementor-element-80dee5f elementor-widget elementor-widget-spacer\" data-id=\"80dee5f\" data-element_type=\"widget\" data-widget_type=\"spacer.default\">\n\t\t\t\t<div class=\"elementor-widget-container\">\n\t\t\t\t\t\t\t<div class=\"elementor-spacer\">\n\t\t\t<div class=\"elementor-spacer-inner\"><\/div>\n\t\t<\/div>\n\t\t\t\t\t\t<\/div>\n\t\t\t\t<\/div>\n\t\t\t\t<div class=\"elementor-element elementor-element-79533bd elementor-widget elementor-widget-text-editor\" data-id=\"79533bd\" data-element_type=\"widget\" data-widget_type=\"text-editor.default\">\n\t\t\t\t<div class=\"elementor-widget-container\">\n\t\t\t\t\t\t\t\t\t<h2>BOLT High-Speed Cinebot<\/h2>\n<p>El BOLT High-Speed Cinebot, reconocido como el robot de c\u00e1mara m\u00e1s r\u00e1pido del mundo, permite realizar movimientos de c\u00e1mara complejos y avanzados. Este Cinebot es capaz de ejecutar movimientos r\u00e1pidos con una precisi\u00f3n milim\u00e9trica que ser\u00eda imposible lograr manualmente o mediante otros m\u00e9todos. Con esta tecnolog\u00eda de vanguardia, nuestro equipo ayuda a las producciones a dar vida a visuales ambiciosas, tanto en nuestro estudio como en cualquier localizaci\u00f3n donde se nos necesite.<\/p>\n\t\t\t\t\t\t\t\t<\/div>\n\t\t\t\t<\/div>\n\t\t\t\t<div class=\"elementor-element elementor-element-1442f20 elementor-widget elementor-widget-spacer\" data-id=\"1442f20\" data-element_type=\"widget\" data-widget_type=\"spacer.default\">\n\t\t\t\t<div class=\"elementor-widget-container\">\n\t\t\t\t\t\t\t<div class=\"elementor-spacer\">\n\t\t\t<div class=\"elementor-spacer-inner\"><\/div>\n\t\t<\/div>\n\t\t\t\t\t\t<\/div>\n\t\t\t\t<\/div>\n\t\t\t\t\t<\/div>\n\t\t\t\t<\/div>\n\t\t<div class=\"elementor-element elementor-element-ef31219 e-flex e-con-boxed e-con e-parent\" data-id=\"ef31219\" data-element_type=\"container\" data-settings=\"{&quot;background_background&quot;:&quot;classic&quot;}\">\n\t\t\t\t\t<div class=\"e-con-inner\">\n\t\t\t\t<div class=\"elementor-element elementor-element-8dd9518 elementor-widget elementor-widget-spacer\" data-id=\"8dd9518\" data-element_type=\"widget\" data-widget_type=\"spacer.default\">\n\t\t\t\t<div class=\"elementor-widget-container\">\n\t\t\t\t\t\t\t<div class=\"elementor-spacer\">\n\t\t\t<div class=\"elementor-spacer-inner\"><\/div>\n\t\t<\/div>\n\t\t\t\t\t\t<\/div>\n\t\t\t\t<\/div>\n\t\t\t\t<div class=\"elementor-element elementor-element-5274023 elementor-widget elementor-widget-text-editor\" data-id=\"5274023\" data-element_type=\"widget\" data-widget_type=\"text-editor.default\">\n\t\t\t\t<div class=\"elementor-widget-container\">\n\t\t\t\t\t\t\t\t\t<h2>Caracter\u00edsticas Principales<\/h2>\n<ul>\n<li>Control preciso del objetivo: control total de zoom, iris y foco<\/li>\n<li>Seguimiento de objetivos: capaz de identificar objetos en el espacio para trayectorias de seguimiento precisas<\/li>\n<li>Repetibilidad: cada movimiento de c\u00e1mara puede repetirse con exactitud<\/li>\n<li>Portabilidad: el Cinebot puede transportarse a distintas localizaciones<\/li>\n<li>Sincronizaci\u00f3n: sincronizaci\u00f3n del obturador de la c\u00e1mara con el Cinebot para m\u00faltiples pasadas precisas<\/li>\n<li>CGI: capacidades en tiempo real con Unreal Engine y exportaci\u00f3n de archivos FBX<\/li>\n<li>Capacidad de carga de c\u00e1mara: m\u00e1ximo 20 kg<\/li>\n<li>Altura m\u00e1xima del brazo: 3,5 m<\/li>\n<li>Alcance del brazo: 2 m<\/li>\n<li>Velocidad sobre rieles: hasta 5 m\/seg<\/li>\n<li>Longitud del riel: 6 m<\/li>\n<\/ul>\n\t\t\t\t\t\t\t\t<\/div>\n\t\t\t\t<\/div>\n\t\t<div class=\"elementor-element elementor-element-40ebc0b e-con-full e-flex e-con e-child\" data-id=\"40ebc0b\" data-element_type=\"container\">\n\t\t\t\t<div class=\"elementor-element elementor-element-b6385a9 elementor-align-left elementor-widget elementor-widget-button\" data-id=\"b6385a9\" data-element_type=\"widget\" data-widget_type=\"button.default\">\n\t\t\t\t<div class=\"elementor-widget-container\">\n\t\t\t\t\t\t\t\t\t<div class=\"elementor-button-wrapper\">\n\t\t\t\t\t<a class=\"elementor-button elementor-button-link elementor-size-sm\" href=\"https:\/\/www.kabutostudios.es\/wp-content\/uploads\/2024\/09\/BOLT-Leaflet.pdf\" target=\"_blank\" download=\"\">\n\t\t\t\t\t\t<span class=\"elementor-button-content-wrapper\">\n\t\t\t\t\t\t\t\t\t<span class=\"elementor-button-text\">Folleto<\/span>\n\t\t\t\t\t<\/span>\n\t\t\t\t\t<\/a>\n\t\t\t\t<\/div>\n\t\t\t\t\t\t\t\t<\/div>\n\t\t\t\t<\/div>\n\t\t\t\t<\/div>\n\t\t\t\t<div class=\"elementor-element elementor-element-6d88ddd elementor-widget elementor-widget-spacer\" data-id=\"6d88ddd\" data-element_type=\"widget\" data-widget_type=\"spacer.default\">\n\t\t\t\t<div class=\"elementor-widget-container\">\n\t\t\t\t\t\t\t<div class=\"elementor-spacer\">\n\t\t\t<div class=\"elementor-spacer-inner\"><\/div>\n\t\t<\/div>\n\t\t\t\t\t\t<\/div>\n\t\t\t\t<\/div>\n\t\t\t\t\t<\/div>\n\t\t\t\t<\/div>\n\t\t\t\t<\/div>\n\t\t","protected":false},"excerpt":{"rendered":"<p>Motion Control BOLT High-Speed Cinebot El BOLT High-Speed Cinebot, reconocido como el robot de c\u00e1mara m\u00e1s r\u00e1pido del mundo, permite realizar movimientos de c\u00e1mara complejos y avanzados. Este Cinebot es capaz de ejecutar movimientos r\u00e1pidos con una precisi\u00f3n milim\u00e9trica que ser\u00eda imposible lograr manualmente o mediante otros m\u00e9todos. Con esta tecnolog\u00eda de vanguardia, nuestro equipo [&hellip;]<\/p>\n","protected":false},"author":2,"featured_media":0,"parent":0,"menu_order":0,"comment_status":"closed","ping_status":"closed","template":"elementor_header_footer","meta":{"_acf_changed":false,"ocean_post_layout":"","ocean_both_sidebars_style":"","ocean_both_sidebars_content_width":0,"ocean_both_sidebars_sidebars_width":0,"ocean_sidebar":"","ocean_second_sidebar":"","ocean_disable_margins":"enable","ocean_add_body_class":"","ocean_shortcode_before_top_bar":"","ocean_shortcode_after_top_bar":"","ocean_shortcode_before_header":"","ocean_shortcode_after_header":"","ocean_has_shortcode":"","ocean_shortcode_after_title":"","ocean_shortcode_before_footer_widgets":"","ocean_shortcode_after_footer_widgets":"","ocean_shortcode_before_footer_bottom":"","ocean_shortcode_after_footer_bottom":"","ocean_display_top_bar":"default","ocean_display_header":"default","ocean_header_style":"","ocean_center_header_left_menu":"","ocean_custom_header_template":"","ocean_custom_logo":0,"ocean_custom_retina_logo":0,"ocean_custom_logo_max_width":0,"ocean_custom_logo_tablet_max_width":0,"ocean_custom_logo_mobile_max_width":0,"ocean_custom_logo_max_height":0,"ocean_custom_logo_tablet_max_height":0,"ocean_custom_logo_mobile_max_height":0,"ocean_header_custom_menu":"","ocean_menu_typo_font_family":"","ocean_menu_typo_font_subset":"","ocean_menu_typo_font_size":0,"ocean_menu_typo_font_size_tablet":0,"ocean_menu_typo_font_size_mobile":0,"ocean_menu_typo_font_size_unit":"px","ocean_menu_typo_font_weight":"","ocean_menu_typo_font_weight_tablet":"","ocean_menu_typo_font_weight_mobile":"","ocean_menu_typo_transform":"","ocean_menu_typo_transform_tablet":"","ocean_menu_typo_transform_mobile":"","ocean_menu_typo_line_height":0,"ocean_menu_typo_line_height_tablet":0,"ocean_menu_typo_line_height_mobile":0,"ocean_menu_typo_line_height_unit":"","ocean_menu_typo_spacing":0,"ocean_menu_typo_spacing_tablet":0,"ocean_menu_typo_spacing_mobile":0,"ocean_menu_typo_spacing_unit":"","ocean_menu_link_color":"","ocean_menu_link_color_hover":"","ocean_menu_link_color_active":"","ocean_menu_link_background":"","ocean_menu_link_hover_background":"","ocean_menu_link_active_background":"","ocean_menu_social_links_bg":"","ocean_menu_social_hover_links_bg":"","ocean_menu_social_links_color":"","ocean_menu_social_hover_links_color":"","ocean_disable_title":"default","ocean_disable_heading":"default","ocean_post_title":"","ocean_post_subheading":"","ocean_post_title_style":"","ocean_post_title_background_color":"","ocean_post_title_background":0,"ocean_post_title_bg_image_position":"","ocean_post_title_bg_image_attachment":"","ocean_post_title_bg_image_repeat":"","ocean_post_title_bg_image_size":"","ocean_post_title_height":0,"ocean_post_title_bg_overlay":0.5,"ocean_post_title_bg_overlay_color":"","ocean_disable_breadcrumbs":"default","ocean_breadcrumbs_color":"","ocean_breadcrumbs_separator_color":"","ocean_breadcrumbs_links_color":"","ocean_breadcrumbs_links_hover_color":"","ocean_display_footer_widgets":"default","ocean_display_footer_bottom":"default","ocean_custom_footer_template":"","footnotes":""},"class_list":["post-1929","page","type-page","status-publish","hentry","entry"],"acf":[],"_links":{"self":[{"href":"https:\/\/www.kabutostudios.es\/es\/wp-json\/wp\/v2\/pages\/1929","targetHints":{"allow":["GET"]}}],"collection":[{"href":"https:\/\/www.kabutostudios.es\/es\/wp-json\/wp\/v2\/pages"}],"about":[{"href":"https:\/\/www.kabutostudios.es\/es\/wp-json\/wp\/v2\/types\/page"}],"author":[{"embeddable":true,"href":"https:\/\/www.kabutostudios.es\/es\/wp-json\/wp\/v2\/users\/2"}],"replies":[{"embeddable":true,"href":"https:\/\/www.kabutostudios.es\/es\/wp-json\/wp\/v2\/comments?post=1929"}],"version-history":[{"count":17,"href":"https:\/\/www.kabutostudios.es\/es\/wp-json\/wp\/v2\/pages\/1929\/revisions"}],"predecessor-version":[{"id":3881,"href":"https:\/\/www.kabutostudios.es\/es\/wp-json\/wp\/v2\/pages\/1929\/revisions\/3881"}],"wp:attachment":[{"href":"https:\/\/www.kabutostudios.es\/es\/wp-json\/wp\/v2\/media?parent=1929"}],"curies":[{"name":"wp","href":"https:\/\/api.w.org\/{rel}","templated":true}]}}