{"id":1923,"date":"2024-08-28T12:06:40","date_gmt":"2024-08-28T10:06:40","guid":{"rendered":"https:\/\/www.kabutostudios.es\/studios\/"},"modified":"2025-04-11T12:43:22","modified_gmt":"2025-04-11T10:43:22","slug":"studios","status":"publish","type":"page","link":"https:\/\/www.kabutostudios.es\/es\/studios\/","title":{"rendered":"Estudios"},"content":{"rendered":"\t\t<div data-elementor-type=\"wp-page\" data-elementor-id=\"1923\" class=\"elementor elementor-1923 elementor-57\">\n\t\t\t\t<div class=\"elementor-element elementor-element-848acab e-con-full page-intro intro-video e-flex e-con e-parent\" data-id=\"848acab\" data-element_type=\"container\" data-settings=\"{&quot;background_background&quot;:&quot;classic&quot;}\">\n\t\t<div class=\"elementor-element elementor-element-0d7c65e e-con-full intro-img e-flex e-con e-child\" data-id=\"0d7c65e\" data-element_type=\"container\">\n\t\t\t\t<div class=\"elementor-element elementor-element-f7d6687 elementor-widget__width-initial elementor-widget elementor-widget-image\" data-id=\"f7d6687\" data-element_type=\"widget\" data-widget_type=\"image.default\">\n\t\t\t\t<div class=\"elementor-widget-container\">\n\t\t\t\t\t\t\t\t\t\t\t\t\t\t\t<img decoding=\"async\" width=\"2000\" height=\"1329\" src=\"https:\/\/www.kabutostudios.es\/wp-content\/uploads\/2024\/10\/Studio-Edited-9-web.jpg\" class=\"attachment-full size-full wp-image-2189\" alt=\"\" srcset=\"https:\/\/www.kabutostudios.es\/wp-content\/uploads\/2024\/10\/Studio-Edited-9-web.jpg 2000w, https:\/\/www.kabutostudios.es\/wp-content\/uploads\/2024\/10\/Studio-Edited-9-web-300x199.jpg 300w, https:\/\/www.kabutostudios.es\/wp-content\/uploads\/2024\/10\/Studio-Edited-9-web-1024x680.jpg 1024w, https:\/\/www.kabutostudios.es\/wp-content\/uploads\/2024\/10\/Studio-Edited-9-web-768x510.jpg 768w, https:\/\/www.kabutostudios.es\/wp-content\/uploads\/2024\/10\/Studio-Edited-9-web-1536x1021.jpg 1536w\" sizes=\"(max-width: 2000px) 100vw, 2000px\" \/>\t\t\t\t\t\t\t\t\t\t\t\t\t\t\t<\/div>\n\t\t\t\t<\/div>\n\t\t\t\t<\/div>\n\t\t<div class=\"elementor-element elementor-element-5b63445 e-con-full intro-overlay e-flex e-con e-child\" data-id=\"5b63445\" data-element_type=\"container\" data-settings=\"{&quot;position&quot;:&quot;absolute&quot;}\">\n\t\t\t\t<\/div>\n\t\t<div class=\"elementor-element elementor-element-594db4a e-flex e-con-boxed e-con e-child\" data-id=\"594db4a\" data-element_type=\"container\">\n\t\t\t\t\t<div class=\"e-con-inner\">\n\t\t\t\t<div class=\"elementor-element elementor-element-4d807a8 elementor-widget elementor-widget-heading\" data-id=\"4d807a8\" data-element_type=\"widget\" data-widget_type=\"heading.default\">\n\t\t\t\t<div class=\"elementor-widget-container\">\n\t\t\t\t\t<h1 class=\"elementor-heading-title elementor-size-default\">Estudios<\/h1>\t\t\t\t<\/div>\n\t\t\t\t<\/div>\n\t\t\t\t\t<\/div>\n\t\t\t\t<\/div>\n\t\t\t\t<\/div>\n\t\t<div class=\"elementor-element elementor-element-14fd0e0 e-flex e-con-boxed e-con e-parent\" data-id=\"14fd0e0\" data-element_type=\"container\">\n\t\t\t\t\t<div class=\"e-con-inner\">\n\t\t\t\t<div class=\"elementor-element elementor-element-d7d6eca elementor-widget elementor-widget-spacer\" data-id=\"d7d6eca\" data-element_type=\"widget\" data-widget_type=\"spacer.default\">\n\t\t\t\t<div class=\"elementor-widget-container\">\n\t\t\t\t\t\t\t<div class=\"elementor-spacer\">\n\t\t\t<div class=\"elementor-spacer-inner\"><\/div>\n\t\t<\/div>\n\t\t\t\t\t\t<\/div>\n\t\t\t\t<\/div>\n\t\t\t\t<div class=\"elementor-element elementor-element-1a87fcc elementor-widget elementor-widget-text-editor\" data-id=\"1a87fcc\" data-element_type=\"widget\" data-widget_type=\"text-editor.default\">\n\t\t\t\t<div class=\"elementor-widget-container\">\n\t\t\t\t\t\t\t\t\t<h2>Kabuto Studios<\/h2>\n<p>Ubicado en la vibrante ciudad de Badalona, y a poca distancia de Barcelona, nuestro estudio de cine de primer nivel ofrece un espacio vers\u00e1til ideal para una amplia variedad de producciones, incluyendo largometrajes, anuncios publicitarios, videoclips y sesiones de fotograf\u00eda.<\/p>\n<p>Con acceso a equipos de c\u00e1mara de alta gama y sistemas avanzados de motion control, garantizamos que tu visi\u00f3n sea capturada con una precisi\u00f3n y arte incomparables.<\/p>\n\t\t\t\t\t\t\t\t<\/div>\n\t\t\t\t<\/div>\n\t\t\t\t<div class=\"elementor-element elementor-element-7132ec6 elementor-widget elementor-widget-spacer\" data-id=\"7132ec6\" data-element_type=\"widget\" data-widget_type=\"spacer.default\">\n\t\t\t\t<div class=\"elementor-widget-container\">\n\t\t\t\t\t\t\t<div class=\"elementor-spacer\">\n\t\t\t<div class=\"elementor-spacer-inner\"><\/div>\n\t\t<\/div>\n\t\t\t\t\t\t<\/div>\n\t\t\t\t<\/div>\n\t\t\t\t\t<\/div>\n\t\t\t\t<\/div>\n\t\t<div class=\"elementor-element elementor-element-360b443 e-flex e-con-boxed e-con e-parent\" data-id=\"360b443\" data-element_type=\"container\" data-settings=\"{&quot;background_background&quot;:&quot;classic&quot;}\">\n\t\t\t\t\t<div class=\"e-con-inner\">\n\t\t\t\t<div class=\"elementor-element elementor-element-08edfda elementor-widget elementor-widget-spacer\" data-id=\"08edfda\" data-element_type=\"widget\" data-widget_type=\"spacer.default\">\n\t\t\t\t<div class=\"elementor-widget-container\">\n\t\t\t\t\t\t\t<div class=\"elementor-spacer\">\n\t\t\t<div class=\"elementor-spacer-inner\"><\/div>\n\t\t<\/div>\n\t\t\t\t\t\t<\/div>\n\t\t\t\t<\/div>\n\t\t\t\t<div class=\"elementor-element elementor-element-10d5a82 elementor-widget elementor-widget-text-editor\" data-id=\"10d5a82\" data-element_type=\"widget\" data-widget_type=\"text-editor.default\">\n\t\t\t\t<div class=\"elementor-widget-container\">\n\t\t\t\t\t\t\t\t\t<h2>Estudio<\/h2>\n<ul>\n \t<li>Superficie total del estudio: 285m\u00b2, 25m L x 11.5m W x 6.7m H<\/li>\n \t<li>Ciclorama en forma de L: 15m L x 8,5m W x 5m H<\/li>\n \t<li>4 estructuras de truss motorizadas de 6,90 m x 3,60 m<\/li>\n \t<li>Conexi\u00f3n DMX independiente e integrada en el truss<\/li>\n<\/ul>\t\t\t\t\t\t\t\t<\/div>\n\t\t\t\t<\/div>\n\t\t\t\t<div class=\"elementor-element elementor-element-b6ac64d elementor-widget elementor-widget-text-editor\" data-id=\"b6ac64d\" data-element_type=\"widget\" data-widget_type=\"text-editor.default\">\n\t\t\t\t<div class=\"elementor-widget-container\">\n\t\t\t\t\t\t\t\t\t<h2>Instalaciones<\/h2>\n<ul>\n<li>Sala de maquillaje<\/li>\n<li>Sala de vestuario<\/li>\n<li>Sala de producci\u00f3n<\/li>\n<li>Aparcamiento accesible<\/li>\n<\/ul>\n\t\t\t\t\t\t\t\t<\/div>\n\t\t\t\t<\/div>\n\t\t\t\t<div class=\"elementor-element elementor-element-a081fda elementor-widget elementor-widget-spacer\" data-id=\"a081fda\" data-element_type=\"widget\" data-widget_type=\"spacer.default\">\n\t\t\t\t<div class=\"elementor-widget-container\">\n\t\t\t\t\t\t\t<div class=\"elementor-spacer\">\n\t\t\t<div class=\"elementor-spacer-inner\"><\/div>\n\t\t<\/div>\n\t\t\t\t\t\t<\/div>\n\t\t\t\t<\/div>\n\t\t\t\t\t<\/div>\n\t\t\t\t<\/div>\n\t\t<div class=\"elementor-element elementor-element-d74851a e-flex e-con-boxed e-con e-parent\" data-id=\"d74851a\" data-element_type=\"container\">\n\t\t\t\t\t<div class=\"e-con-inner\">\n\t\t\t\t<div class=\"elementor-element elementor-element-87d99cf elementor-widget elementor-widget-spacer\" data-id=\"87d99cf\" data-element_type=\"widget\" data-widget_type=\"spacer.default\">\n\t\t\t\t<div class=\"elementor-widget-container\">\n\t\t\t\t\t\t\t<div class=\"elementor-spacer\">\n\t\t\t<div class=\"elementor-spacer-inner\"><\/div>\n\t\t<\/div>\n\t\t\t\t\t\t<\/div>\n\t\t\t\t<\/div>\n\t\t\t\t<div class=\"elementor-element elementor-element-09c250a elementor-widget elementor-widget-text-editor\" data-id=\"09c250a\" data-element_type=\"widget\" data-widget_type=\"text-editor.default\">\n\t\t\t\t<div class=\"elementor-widget-container\">\n\t\t\t\t\t\t\t\t\t<h2>Galer\u00eda<\/h2>\n\t\t\t\t\t\t\t\t<\/div>\n\t\t\t\t<\/div>\n\t\t\t\t<div class=\"elementor-element elementor-element-1857f8e elementor-widget__width-inherit elementor-widget elementor-widget-modula_elementor_gallery\" data-id=\"1857f8e\" data-element_type=\"widget\" data-widget_type=\"modula_elementor_gallery.default\">\n\t\t\t\t<div class=\"elementor-widget-container\">\n\t\t\t\t\t<div  id=\"jtg-2178\" class=\"modula modula-gallery modula-custom-grid\" data-config=\"{&quot;height&quot;:800,&quot;tabletHeight&quot;:800,&quot;mobileHeight&quot;:800,&quot;desktopHeight&quot;:800,&quot;enableTwitter&quot;:false,&quot;enableWhatsapp&quot;:false,&quot;enableFacebook&quot;:false,&quot;enablePinterest&quot;:false,&quot;enableLinkedin&quot;:false,&quot;enableEmail&quot;:false,&quot;randomFactor&quot;:0.5,&quot;type&quot;:&quot;custom-grid&quot;,&quot;columns&quot;:12,&quot;gutter&quot;:10,&quot;mobileGutter&quot;:10,&quot;tabletGutter&quot;:10,&quot;desktopGutter&quot;:10,&quot;enableResponsive&quot;:true,&quot;tabletColumns&quot;:2,&quot;mobileColumns&quot;:1,&quot;lazyLoad&quot;:0,&quot;lightboxOpts&quot;:{&quot;animated&quot;:true,&quot;Thumbs&quot;:{&quot;type&quot;:&quot;modern&quot;,&quot;showOnStart&quot;:false},&quot;Toolbar&quot;:{&quot;display&quot;:{&quot;right&quot;:[&quot;close&quot;]},&quot;enabled&quot;:true},&quot;Carousel&quot;:{&quot;Panzoom&quot;:{&quot;touch&quot;:true},&quot;infinite&quot;:false},&quot;keyboard&quot;:{&quot;Escape&quot;:&quot;close&quot;,&quot;Delete&quot;:&quot;close&quot;,&quot;Backspace&quot;:&quot;close&quot;,&quot;PageUp&quot;:false,&quot;PageDown&quot;:false,&quot;ArrowUp&quot;:false,&quot;ArrowDown&quot;:false,&quot;ArrowRight&quot;:false,&quot;ArrowLeft&quot;:false},&quot;touch&quot;:false,&quot;backdropClick&quot;:false,&quot;l10n&quot;:{&quot;CLOSE&quot;:&quot;Cerrar&quot;,&quot;NEXT&quot;:&quot;Siguiente&quot;,&quot;PREV&quot;:&quot;Anterior&quot;,&quot;Error&quot;:&quot;No se ha podido cargar el contenido solicitado. Por favor, int\\u00e9ntalo de nuevo m\\u00e1s tarde.&quot;,&quot;PLAY_START&quot;:&quot;Empezar la presentaci\\u00f3n&quot;,&quot;PLAY_STOP&quot;:&quot;Pausar la presentaci\\u00f3n&quot;,&quot;FULL_SCREEN&quot;:&quot;Pantalla completa&quot;,&quot;THUMBS&quot;:&quot;Miniaturas&quot;,&quot;DOWNLOAD&quot;:&quot;Descargar&quot;,&quot;SHARE&quot;:&quot;Compartir&quot;,&quot;ZOOM&quot;:&quot;Zoom&quot;,&quot;EMAIL&quot;:&quot;Here is the link to the image : %%image_link%% and this is the link to the gallery : %%gallery_link%%&quot;,&quot;MODAL&quot;:&quot;Puedes cerrar este contenido emergente con la tecla ESC&quot;,&quot;ERROR&quot;:&quot;Algo ha ido mal, pro favor, prueba de nuevo m\\u00e1s tarde&quot;,&quot;IMAGE_ERROR&quot;:&quot;Imagen no encontrada&quot;,&quot;ELEMENT_NOT_FOUND&quot;:&quot;No se ha encontrado el elemento HTML&quot;,&quot;AJAX_NOT_FOUND&quot;:&quot;Error al cargar AJAX: No encontrado&quot;,&quot;AJAX_FORBIDDEN&quot;:&quot;Error al cargar AJAX: Prohibido&quot;,&quot;IFRAME_ERROR&quot;:&quot;Error al cargar la p\\u00e1gina&quot;,&quot;TOGGLE_ZOOM&quot;:&quot;Alternar nivel de ampliar\\\/acercar&quot;,&quot;TOGGLE_THUMBS&quot;:&quot;Alternar miniaturas&quot;,&quot;TOGGLE_SLIDESHOW&quot;:&quot;Alternar diapositiva&quot;,&quot;TOGGLE_FULLSCREEN&quot;:&quot;Cambiar al modo de pantalla completa&quot;},&quot;Images&quot;:{&quot;Panzoom&quot;:{&quot;maxScale&quot;:2}},&quot;mainClass&quot;:&quot;modula-fancybox-container modula-lightbox-jtg-2178&quot;,&quot;Html&quot;:{&quot;videoAutoplay&quot;:0,&quot;videoTpl&quot;:&quot;&lt;video class=\\&quot;fancybox__html5video\\&quot; controls muted playsinline controlsList controlsList=\\&quot;nodownload\\&quot; poster=\\&quot;{{poster}}\\&quot; src=\\&quot;{{src}}\\&quot; type=\\&quot;{{format}}\\&quot; &gt;  Sorry, your browser doesn&#039;t support embedded videos, &lt;a href=\\&quot;{{src}}\\&quot;&gt; download &lt;\\\/a&gt; and watch with your favorite video player! &lt;\\\/video&gt;&quot;}},&quot;inView&quot;:false,&quot;email_subject&quot;:&quot;Check out this awesome image !!&quot;,&quot;email_message&quot;:&quot;Here is the link to the image : %%image_link%% and this is the link to the gallery : %%gallery_link%%&quot;,&quot;lightbox&quot;:&quot;fancybox&quot;}\">\n\n\t\n\t<div  class=\"modula-items\">\n\t\t<div class=\"modula-item effect-pufrobo\" data-width=\"4\" data-height=\"3\" >\n\t<div class=\"modula-item-overlay\"><\/div>\n\n\t<div class=\"modula-item-content\">\n\n\t\t<a data-image-id=\"2184\" role=\"button\" data-elementor-open-lightbox=\"no\" tabindex=\"0\" rel=\"jtg-2178\" data-caption=\"\" aria-label=\"Abrir la imagen en una caja de luz\" class=\"tile-inner modula-item-link\"><\/a><img decoding=\"async\" class=\"pic wp-image-2184\"  data-valign=\"middle\" data-halign=\"center\" alt=\"\" data-full=\"https:\/\/www.kabutostudios.es\/wp-content\/uploads\/2024\/10\/Studio-Edited-7-web.jpg\" title=\"Studio Edited-7-web\" width=\"300\" height=\"213\" src=\"https:\/\/www.kabutostudios.es\/wp-content\/uploads\/2024\/10\/Studio-Edited-7-web-300x213.jpg\" data-src=\"https:\/\/www.kabutostudios.es\/wp-content\/uploads\/2024\/10\/Studio-Edited-7-web-300x213.jpg\" data-caption=\"\" srcset=\"https:\/\/www.kabutostudios.es\/wp-content\/uploads\/2024\/10\/Studio-Edited-7-web.jpg 2000w, https:\/\/www.kabutostudios.es\/wp-content\/uploads\/2024\/10\/Studio-Edited-7-web-300x213.jpg 300w, https:\/\/www.kabutostudios.es\/wp-content\/uploads\/2024\/10\/Studio-Edited-7-web-1024x726.jpg 1024w, https:\/\/www.kabutostudios.es\/wp-content\/uploads\/2024\/10\/Studio-Edited-7-web-768x545.jpg 768w, https:\/\/www.kabutostudios.es\/wp-content\/uploads\/2024\/10\/Studio-Edited-7-web-1536x1089.jpg 1536w\" sizes=\"(max-width: 300px) 100vw, 300px\" \/>\n\t\t<div class=\"figc no-description\">\n\t\t\t<div class=\"figc-inner\">\n\t\t\t\t\t\t\t\t\t\t\t\t\t\t\t<\/div>\n\t\t<\/div>\n\n\t<\/div>\n\n<\/div><div class=\"modula-item effect-pufrobo\" data-width=\"4\" data-height=\"3\" >\n\t<div class=\"modula-item-overlay\"><\/div>\n\n\t<div class=\"modula-item-content\">\n\n\t\t<a data-image-id=\"2188\" role=\"button\" data-elementor-open-lightbox=\"no\" tabindex=\"0\" rel=\"jtg-2178\" data-caption=\"\" aria-label=\"Abrir la imagen en una caja de luz\" class=\"tile-inner modula-item-link\"><\/a><img decoding=\"async\" class=\"pic wp-image-2188\"  data-valign=\"middle\" data-halign=\"center\" alt=\"\" data-full=\"https:\/\/www.kabutostudios.es\/wp-content\/uploads\/2024\/10\/Studio-Edited-9-web.jpg\" title=\"Studio Edited-9-web\" width=\"300\" height=\"199\" src=\"https:\/\/www.kabutostudios.es\/wp-content\/uploads\/2024\/10\/Studio-Edited-9-web-300x199.jpg\" data-src=\"https:\/\/www.kabutostudios.es\/wp-content\/uploads\/2024\/10\/Studio-Edited-9-web-300x199.jpg\" data-caption=\"\" srcset=\"https:\/\/www.kabutostudios.es\/wp-content\/uploads\/2024\/10\/Studio-Edited-9-web.jpg 2000w, https:\/\/www.kabutostudios.es\/wp-content\/uploads\/2024\/10\/Studio-Edited-9-web-300x199.jpg 300w, https:\/\/www.kabutostudios.es\/wp-content\/uploads\/2024\/10\/Studio-Edited-9-web-1024x680.jpg 1024w, https:\/\/www.kabutostudios.es\/wp-content\/uploads\/2024\/10\/Studio-Edited-9-web-768x510.jpg 768w, https:\/\/www.kabutostudios.es\/wp-content\/uploads\/2024\/10\/Studio-Edited-9-web-1536x1021.jpg 1536w\" sizes=\"(max-width: 300px) 100vw, 300px\" \/>\n\t\t<div class=\"figc no-description\">\n\t\t\t<div class=\"figc-inner\">\n\t\t\t\t\t\t\t\t\t\t\t\t\t\t\t<\/div>\n\t\t<\/div>\n\n\t<\/div>\n\n<\/div><div class=\"modula-item effect-pufrobo\" data-width=\"4\" data-height=\"3\" >\n\t<div class=\"modula-item-overlay\"><\/div>\n\n\t<div class=\"modula-item-content\">\n\n\t\t<a data-image-id=\"4358\" role=\"button\" data-elementor-open-lightbox=\"no\" tabindex=\"0\" rel=\"jtg-2178\" data-caption=\"\" aria-label=\"Abrir la imagen en una caja de luz\" class=\"tile-inner modula-item-link\"><\/a><img decoding=\"async\" class=\"pic wp-image-4358\"  data-valign=\"middle\" data-halign=\"center\" alt=\"\" data-full=\"https:\/\/www.kabutostudios.es\/wp-content\/uploads\/2025\/05\/studio_kabuto.jpg\" title=\"studio_kabuto\" width=\"300\" height=\"199\" src=\"https:\/\/www.kabutostudios.es\/wp-content\/uploads\/2025\/05\/studio_kabuto-300x199.jpg\" data-src=\"https:\/\/www.kabutostudios.es\/wp-content\/uploads\/2025\/05\/studio_kabuto-300x199.jpg\" data-caption=\"\" srcset=\"https:\/\/www.kabutostudios.es\/wp-content\/uploads\/2025\/05\/studio_kabuto.jpg 2050w, https:\/\/www.kabutostudios.es\/wp-content\/uploads\/2025\/05\/studio_kabuto-300x199.jpg 300w, https:\/\/www.kabutostudios.es\/wp-content\/uploads\/2025\/05\/studio_kabuto-1024x681.jpg 1024w, https:\/\/www.kabutostudios.es\/wp-content\/uploads\/2025\/05\/studio_kabuto-768x511.jpg 768w, https:\/\/www.kabutostudios.es\/wp-content\/uploads\/2025\/05\/studio_kabuto-1536x1021.jpg 1536w, https:\/\/www.kabutostudios.es\/wp-content\/uploads\/2025\/05\/studio_kabuto-2048x1362.jpg 2048w\" sizes=\"(max-width: 300px) 100vw, 300px\" \/>\n\t\t<div class=\"figc no-description\">\n\t\t\t<div class=\"figc-inner\">\n\t\t\t\t\t\t\t\t\t\t\t\t\t\t\t<\/div>\n\t\t<\/div>\n\n\t<\/div>\n\n<\/div>\t\t\n\t<\/div>\n\n\t\n\t\n\t<script type=\"application\/ld+json\">\n\t{\n\t\t\"@context\": \"http:\/\/schema.org\",\n\t\t\"@type\"   : \"ImageGallery\",\n\t\t\"id\"      : \"https:\/\/www.kabutostudios.es\/es\/studios\/\",\n\t\t\"url\"     : \"https:\/\/www.kabutostudios.es\/es\/studios\/\"\n\t}\n\n\t<\/script>\n\n\t\n<\/div>\n\t\t\t\t<\/div>\n\t\t\t\t<\/div>\n\t\t\t\t<div class=\"elementor-element elementor-element-3761b2f elementor-widget elementor-widget-spacer\" data-id=\"3761b2f\" data-element_type=\"widget\" data-widget_type=\"spacer.default\">\n\t\t\t\t<div class=\"elementor-widget-container\">\n\t\t\t\t\t\t\t<div class=\"elementor-spacer\">\n\t\t\t<div class=\"elementor-spacer-inner\"><\/div>\n\t\t<\/div>\n\t\t\t\t\t\t<\/div>\n\t\t\t\t<\/div>\n\t\t\t\t\t<\/div>\n\t\t\t\t<\/div>\n\t\t\t\t<\/div>\n\t\t","protected":false},"excerpt":{"rendered":"<p>Estudios Kabuto Studios Ubicado en la vibrante ciudad de Badalona, y a poca distancia de Barcelona, nuestro estudio de cine de primer nivel ofrece un espacio vers\u00e1til ideal para una amplia variedad de producciones, incluyendo largometrajes, anuncios publicitarios, videoclips y sesiones de fotograf\u00eda. Con acceso a equipos de c\u00e1mara de alta gama y sistemas avanzados [&hellip;]<\/p>\n","protected":false},"author":2,"featured_media":0,"parent":0,"menu_order":0,"comment_status":"closed","ping_status":"closed","template":"elementor_header_footer","meta":{"_acf_changed":false,"ocean_post_layout":"","ocean_both_sidebars_style":"","ocean_both_sidebars_content_width":0,"ocean_both_sidebars_sidebars_width":0,"ocean_sidebar":"","ocean_second_sidebar":"","ocean_disable_margins":"enable","ocean_add_body_class":"","ocean_shortcode_before_top_bar":"","ocean_shortcode_after_top_bar":"","ocean_shortcode_before_header":"","ocean_shortcode_after_header":"","ocean_has_shortcode":"","ocean_shortcode_after_title":"","ocean_shortcode_before_footer_widgets":"","ocean_shortcode_after_footer_widgets":"","ocean_shortcode_before_footer_bottom":"","ocean_shortcode_after_footer_bottom":"","ocean_display_top_bar":"default","ocean_display_header":"default","ocean_header_style":"","ocean_center_header_left_menu":"","ocean_custom_header_template":"","ocean_custom_logo":0,"ocean_custom_retina_logo":0,"ocean_custom_logo_max_width":0,"ocean_custom_logo_tablet_max_width":0,"ocean_custom_logo_mobile_max_width":0,"ocean_custom_logo_max_height":0,"ocean_custom_logo_tablet_max_height":0,"ocean_custom_logo_mobile_max_height":0,"ocean_header_custom_menu":"","ocean_menu_typo_font_family":"","ocean_menu_typo_font_subset":"","ocean_menu_typo_font_size":0,"ocean_menu_typo_font_size_tablet":0,"ocean_menu_typo_font_size_mobile":0,"ocean_menu_typo_font_size_unit":"px","ocean_menu_typo_font_weight":"","ocean_menu_typo_font_weight_tablet":"","ocean_menu_typo_font_weight_mobile":"","ocean_menu_typo_transform":"","ocean_menu_typo_transform_tablet":"","ocean_menu_typo_transform_mobile":"","ocean_menu_typo_line_height":0,"ocean_menu_typo_line_height_tablet":0,"ocean_menu_typo_line_height_mobile":0,"ocean_menu_typo_line_height_unit":"","ocean_menu_typo_spacing":0,"ocean_menu_typo_spacing_tablet":0,"ocean_menu_typo_spacing_mobile":0,"ocean_menu_typo_spacing_unit":"","ocean_menu_link_color":"","ocean_menu_link_color_hover":"","ocean_menu_link_color_active":"","ocean_menu_link_background":"","ocean_menu_link_hover_background":"","ocean_menu_link_active_background":"","ocean_menu_social_links_bg":"","ocean_menu_social_hover_links_bg":"","ocean_menu_social_links_color":"","ocean_menu_social_hover_links_color":"","ocean_disable_title":"default","ocean_disable_heading":"default","ocean_post_title":"","ocean_post_subheading":"","ocean_post_title_style":"","ocean_post_title_background_color":"","ocean_post_title_background":0,"ocean_post_title_bg_image_position":"","ocean_post_title_bg_image_attachment":"","ocean_post_title_bg_image_repeat":"","ocean_post_title_bg_image_size":"","ocean_post_title_height":0,"ocean_post_title_bg_overlay":0.5,"ocean_post_title_bg_overlay_color":"","ocean_disable_breadcrumbs":"default","ocean_breadcrumbs_color":"","ocean_breadcrumbs_separator_color":"","ocean_breadcrumbs_links_color":"","ocean_breadcrumbs_links_hover_color":"","ocean_display_footer_widgets":"default","ocean_display_footer_bottom":"default","ocean_custom_footer_template":"","footnotes":""},"class_list":["post-1923","page","type-page","status-publish","hentry","entry"],"acf":[],"_links":{"self":[{"href":"https:\/\/www.kabutostudios.es\/es\/wp-json\/wp\/v2\/pages\/1923","targetHints":{"allow":["GET"]}}],"collection":[{"href":"https:\/\/www.kabutostudios.es\/es\/wp-json\/wp\/v2\/pages"}],"about":[{"href":"https:\/\/www.kabutostudios.es\/es\/wp-json\/wp\/v2\/types\/page"}],"author":[{"embeddable":true,"href":"https:\/\/www.kabutostudios.es\/es\/wp-json\/wp\/v2\/users\/2"}],"replies":[{"embeddable":true,"href":"https:\/\/www.kabutostudios.es\/es\/wp-json\/wp\/v2\/comments?post=1923"}],"version-history":[{"count":21,"href":"https:\/\/www.kabutostudios.es\/es\/wp-json\/wp\/v2\/pages\/1923\/revisions"}],"predecessor-version":[{"id":4323,"href":"https:\/\/www.kabutostudios.es\/es\/wp-json\/wp\/v2\/pages\/1923\/revisions\/4323"}],"wp:attachment":[{"href":"https:\/\/www.kabutostudios.es\/es\/wp-json\/wp\/v2\/media?parent=1923"}],"curies":[{"name":"wp","href":"https:\/\/api.w.org\/{rel}","templated":true}]}}