{"id":1921,"date":"2024-09-02T12:06:36","date_gmt":"2024-09-02T10:06:36","guid":{"rendered":"https:\/\/www.kabutostudios.es\/aviso-legal\/"},"modified":"2025-04-02T14:55:41","modified_gmt":"2025-04-02T12:55:41","slug":"aviso-legal","status":"publish","type":"page","link":"https:\/\/www.kabutostudios.es\/es\/aviso-legal\/","title":{"rendered":"Aviso legal"},"content":{"rendered":"\t\t<div data-elementor-type=\"wp-page\" data-elementor-id=\"1921\" class=\"elementor elementor-1921 elementor-1104\">\n\t\t\t\t<div class=\"elementor-element elementor-element-65aa25d legal-content e-flex e-con-boxed e-con e-parent\" data-id=\"65aa25d\" data-element_type=\"container\">\n\t\t\t\t\t<div class=\"e-con-inner\">\n\t\t\t\t<div class=\"elementor-element elementor-element-ec10a55 elementor-widget elementor-widget-spacer\" data-id=\"ec10a55\" data-element_type=\"widget\" data-widget_type=\"spacer.default\">\n\t\t\t\t<div class=\"elementor-widget-container\">\n\t\t\t\t\t\t\t<div class=\"elementor-spacer\">\n\t\t\t<div class=\"elementor-spacer-inner\"><\/div>\n\t\t<\/div>\n\t\t\t\t\t\t<\/div>\n\t\t\t\t<\/div>\n\t\t\t\t<div class=\"elementor-element elementor-element-4710610 elementor-widget elementor-widget-heading\" data-id=\"4710610\" data-element_type=\"widget\" data-widget_type=\"heading.default\">\n\t\t\t\t<div class=\"elementor-widget-container\">\n\t\t\t\t\t<h1 class=\"elementor-heading-title elementor-size-default\">Aviso Legal<\/h1>\t\t\t\t<\/div>\n\t\t\t\t<\/div>\n\t\t\t\t<div class=\"elementor-element elementor-element-b6f3f67 elementor-widget elementor-widget-text-editor\" data-id=\"b6f3f67\" data-element_type=\"widget\" data-widget_type=\"text-editor.default\">\n\t\t\t\t<div class=\"elementor-widget-container\">\n\t\t\t\t\t\t\t\t\t<h3 class=\"p1\"><b>1. Identificaci\u00f3n<\/b><b><\/b><\/h3>\n<p class=\"p2\">En cumplimiento de lo establecido en la Ley 34\/2002, de 11 de julio, de Servicios de la Sociedad de la Informaci\u00f3n y de Comercio Electr\u00f3nico, se proporciona la siguiente informaci\u00f3n:<\/p>\n<p class=\"p2\"><strong>Raz\u00f3n Social:<\/strong> Kabuto Studios S.L.<br \/>\n<strong>CIF:<\/strong> B13954433<br \/>\n<strong>Direcci\u00f3n:<\/strong> Carrer Masnou 10, 08915, Badalona, Barcelona, Espa\u00f1a<br \/>\n<strong>Correo electr\u00f3nico:<\/strong> info@kabutostudios.es<br \/>\n<strong>Tel\u00e9fono:<\/strong> +34 662 392 497<\/p>\n<h3 class=\"p1\"><b>2. Finalidad del sitio web<\/b><b><\/b><\/h3>\n<p class=\"p2\">La finalidad de este sitio web es ofrecer informaci\u00f3n sobre nuestros servicios de alquiler de c\u00e1maras, equipos de motion control y estudios de grabaci\u00f3n.<\/p>\n<h3 class=\"p1\"><b>3. Propiedad Intelectual<\/b><b><\/b><\/h3>\n<p class=\"p2\">El contenido de este sitio web, incluyendo pero no limitado a textos, im\u00e1genes, gr\u00e1ficos y dise\u00f1o, es propiedad de Kabuto Studios S.L. y est\u00e1 protegido por la normativa sobre propiedad intelectual. Queda prohibida la utilizaci\u00f3n o reproducci\u00f3n no autorizada de cualquier contenido.<\/p>\n<h3 class=\"p1\"><b>4. Uso del sitio web<\/b><b><\/b><\/h3>\n<p class=\"p2\">Al acceder y utilizar este sitio web, aceptas cumplir y estar sujeto a las siguientes condiciones:<\/p>\n<p class=\"p2\">El contenido proporcionado en este sitio web es meramente informativo y puede ser modificado sin previo aviso.<\/p>\n<p class=\"p2\">No nos hacemos responsables de ning\u00fan da\u00f1o o perjuicio derivado del uso o la imposibilidad de uso de este sitio web o de su contenido.<\/p>\n<h3 class=\"p1\"><b>5. Enlaces a otros sitios web<\/b><b><\/b><\/h3>\n<p class=\"p2\">Este sitio web puede contener enlaces a sitios web de terceros. Kabuto Studios S.L. no se responsabiliza del contenido ni de las pr\u00e1cticas de dichos sitios.<\/p>\n<h3 class=\"p1\"><b>6. Limitaci\u00f3n de responsabilidad<\/b><b><\/b><\/h3>\n<p class=\"p2\">Kabuto Studios S.L. no se hace responsable de los da\u00f1os directos o indirectos que puedan derivarse del uso de este sitio web, incluyendo pero no limit\u00e1ndose a errores u omisiones en el contenido, p\u00e9rdida de datos o interrupciones del servicio.<\/p>\n<h3 class=\"p1\"><b>7. Legislaci\u00f3n aplicable<\/b><b><\/b><\/h3>\n<p class=\"p2\">El presente Aviso Legal se rige por la legislaci\u00f3n espa\u00f1ola. Cualquier controversia derivada del uso de este sitio web estar\u00e1 sujeta a la jurisdicci\u00f3n de los juzgados y tribunales de Barcelona, Espa\u00f1a.<\/p>\n<h3 class=\"p1\"><b>8. Informaci\u00f3n de contacto<\/b><b><\/b><\/h3>\n<p class=\"p2\">Para cualquier consulta relacionada con este Aviso Legal, puedes contactarnos en:<\/p>\n<p class=\"p2\">Kabuto Studios S.L.<br \/>\nCarrer Masnou 10, 08915, Badalona, Barcelona, Espa\u00f1a<br \/>\n<strong>Correo electr\u00f3nico:<\/strong> <a href=\"mailto:info@kabutostudios.es\">info@kabutostudios.es<\/a><br \/>\n<strong>Tel\u00e9fono:<\/strong> <a href=\"tel:34662392497\">+34 662 392 497<\/a><\/p>\n\t\t\t\t\t\t\t\t<\/div>\n\t\t\t\t<\/div>\n\t\t\t\t\t<\/div>\n\t\t\t\t<\/div>\n\t\t\t\t<\/div>\n\t\t","protected":false},"excerpt":{"rendered":"<p>Aviso Legal 1. Identificaci\u00f3n En cumplimiento de lo establecido en la Ley 34\/2002, de 11 de julio, de Servicios de la Sociedad de la Informaci\u00f3n y de Comercio Electr\u00f3nico, se proporciona la siguiente informaci\u00f3n: Raz\u00f3n Social: Kabuto Studios S.L. CIF: B13954433 Direcci\u00f3n: Carrer Masnou 10, 08915, Badalona, Barcelona, Espa\u00f1a Correo electr\u00f3nico: info@kabutostudios.es Tel\u00e9fono: +34 662 [&hellip;]<\/p>\n","protected":false},"author":2,"featured_media":0,"parent":0,"menu_order":0,"comment_status":"closed","ping_status":"closed","template":"elementor_header_footer","meta":{"_acf_changed":false,"ocean_post_layout":"","ocean_both_sidebars_style":"","ocean_both_sidebars_content_width":0,"ocean_both_sidebars_sidebars_width":0,"ocean_sidebar":"","ocean_second_sidebar":"","ocean_disable_margins":"enable","ocean_add_body_class":"","ocean_shortcode_before_top_bar":"","ocean_shortcode_after_top_bar":"","ocean_shortcode_before_header":"","ocean_shortcode_after_header":"","ocean_has_shortcode":"","ocean_shortcode_after_title":"","ocean_shortcode_before_footer_widgets":"","ocean_shortcode_after_footer_widgets":"","ocean_shortcode_before_footer_bottom":"","ocean_shortcode_after_footer_bottom":"","ocean_display_top_bar":"default","ocean_display_header":"default","ocean_header_style":"","ocean_center_header_left_menu":"","ocean_custom_header_template":"","ocean_custom_logo":0,"ocean_custom_retina_logo":0,"ocean_custom_logo_max_width":0,"ocean_custom_logo_tablet_max_width":0,"ocean_custom_logo_mobile_max_width":0,"ocean_custom_logo_max_height":0,"ocean_custom_logo_tablet_max_height":0,"ocean_custom_logo_mobile_max_height":0,"ocean_header_custom_menu":"","ocean_menu_typo_font_family":"","ocean_menu_typo_font_subset":"","ocean_menu_typo_font_size":0,"ocean_menu_typo_font_size_tablet":0,"ocean_menu_typo_font_size_mobile":0,"ocean_menu_typo_font_size_unit":"px","ocean_menu_typo_font_weight":"","ocean_menu_typo_font_weight_tablet":"","ocean_menu_typo_font_weight_mobile":"","ocean_menu_typo_transform":"","ocean_menu_typo_transform_tablet":"","ocean_menu_typo_transform_mobile":"","ocean_menu_typo_line_height":0,"ocean_menu_typo_line_height_tablet":0,"ocean_menu_typo_line_height_mobile":0,"ocean_menu_typo_line_height_unit":"","ocean_menu_typo_spacing":0,"ocean_menu_typo_spacing_tablet":0,"ocean_menu_typo_spacing_mobile":0,"ocean_menu_typo_spacing_unit":"","ocean_menu_link_color":"","ocean_menu_link_color_hover":"","ocean_menu_link_color_active":"","ocean_menu_link_background":"","ocean_menu_link_hover_background":"","ocean_menu_link_active_background":"","ocean_menu_social_links_bg":"","ocean_menu_social_hover_links_bg":"","ocean_menu_social_links_color":"","ocean_menu_social_hover_links_color":"","ocean_disable_title":"default","ocean_disable_heading":"default","ocean_post_title":"","ocean_post_subheading":"","ocean_post_title_style":"","ocean_post_title_background_color":"","ocean_post_title_background":0,"ocean_post_title_bg_image_position":"","ocean_post_title_bg_image_attachment":"","ocean_post_title_bg_image_repeat":"","ocean_post_title_bg_image_size":"","ocean_post_title_height":0,"ocean_post_title_bg_overlay":0.5,"ocean_post_title_bg_overlay_color":"","ocean_disable_breadcrumbs":"default","ocean_breadcrumbs_color":"","ocean_breadcrumbs_separator_color":"","ocean_breadcrumbs_links_color":"","ocean_breadcrumbs_links_hover_color":"","ocean_display_footer_widgets":"default","ocean_display_footer_bottom":"default","ocean_custom_footer_template":"","footnotes":""},"class_list":["post-1921","page","type-page","status-publish","hentry","entry"],"acf":[],"_links":{"self":[{"href":"https:\/\/www.kabutostudios.es\/es\/wp-json\/wp\/v2\/pages\/1921","targetHints":{"allow":["GET"]}}],"collection":[{"href":"https:\/\/www.kabutostudios.es\/es\/wp-json\/wp\/v2\/pages"}],"about":[{"href":"https:\/\/www.kabutostudios.es\/es\/wp-json\/wp\/v2\/types\/page"}],"author":[{"embeddable":true,"href":"https:\/\/www.kabutostudios.es\/es\/wp-json\/wp\/v2\/users\/2"}],"replies":[{"embeddable":true,"href":"https:\/\/www.kabutostudios.es\/es\/wp-json\/wp\/v2\/comments?post=1921"}],"version-history":[{"count":8,"href":"https:\/\/www.kabutostudios.es\/es\/wp-json\/wp\/v2\/pages\/1921\/revisions"}],"predecessor-version":[{"id":3579,"href":"https:\/\/www.kabutostudios.es\/es\/wp-json\/wp\/v2\/pages\/1921\/revisions\/3579"}],"wp:attachment":[{"href":"https:\/\/www.kabutostudios.es\/es\/wp-json\/wp\/v2\/media?parent=1921"}],"curies":[{"name":"wp","href":"https:\/\/api.w.org\/{rel}","templated":true}]}}