{"id":1917,"date":"2024-09-02T19:53:31","date_gmt":"2024-09-02T17:53:31","guid":{"rendered":"https:\/\/www.kabutostudios.es\/catalogo\/"},"modified":"2025-04-03T20:50:07","modified_gmt":"2025-04-03T18:50:07","slug":"catalogo","status":"publish","type":"page","link":"https:\/\/www.kabutostudios.es\/es\/catalogo\/","title":{"rendered":"Cat\u00e1logo"},"content":{"rendered":"\t\t<div data-elementor-type=\"wp-page\" data-elementor-id=\"1917\" class=\"elementor elementor-1917 elementor-1258\">\n\t\t\t\t<div class=\"elementor-element elementor-element-3595174 e-con-full page-intro intro-video e-flex e-con e-parent\" data-id=\"3595174\" data-element_type=\"container\" data-settings=\"{&quot;background_background&quot;:&quot;classic&quot;}\">\n\t\t<div class=\"elementor-element elementor-element-b19b4e7 e-con-full intro-img e-flex e-con e-child\" data-id=\"b19b4e7\" data-element_type=\"container\">\n\t\t\t\t<div class=\"elementor-element elementor-element-ce9c731 elementor-widget__width-initial elementor-widget elementor-widget-image\" data-id=\"ce9c731\" data-element_type=\"widget\" data-widget_type=\"image.default\">\n\t\t\t\t<div class=\"elementor-widget-container\">\n\t\t\t\t\t\t\t\t\t\t\t\t\t\t\t<img decoding=\"async\" width=\"1736\" height=\"1080\" src=\"https:\/\/www.kabutostudios.es\/wp-content\/uploads\/2024\/09\/kabuto-catalogue-page.jpg\" class=\"attachment-full size-full wp-image-1828\" alt=\"\" srcset=\"https:\/\/www.kabutostudios.es\/wp-content\/uploads\/2024\/09\/kabuto-catalogue-page.jpg 1736w, https:\/\/www.kabutostudios.es\/wp-content\/uploads\/2024\/09\/kabuto-catalogue-page-300x187.jpg 300w, https:\/\/www.kabutostudios.es\/wp-content\/uploads\/2024\/09\/kabuto-catalogue-page-1024x637.jpg 1024w, https:\/\/www.kabutostudios.es\/wp-content\/uploads\/2024\/09\/kabuto-catalogue-page-768x478.jpg 768w, https:\/\/www.kabutostudios.es\/wp-content\/uploads\/2024\/09\/kabuto-catalogue-page-1536x956.jpg 1536w\" sizes=\"(max-width: 1736px) 100vw, 1736px\" \/>\t\t\t\t\t\t\t\t\t\t\t\t\t\t\t<\/div>\n\t\t\t\t<\/div>\n\t\t\t\t<\/div>\n\t\t<div class=\"elementor-element elementor-element-c9251a6 e-con-full intro-overlay e-flex e-con e-child\" data-id=\"c9251a6\" data-element_type=\"container\" data-settings=\"{&quot;position&quot;:&quot;absolute&quot;}\">\n\t\t\t\t<\/div>\n\t\t<div class=\"elementor-element elementor-element-b348991 e-flex e-con-boxed e-con e-child\" data-id=\"b348991\" data-element_type=\"container\">\n\t\t\t\t\t<div class=\"e-con-inner\">\n\t\t\t\t<div class=\"elementor-element elementor-element-be2f69c elementor-widget elementor-widget-heading\" data-id=\"be2f69c\" data-element_type=\"widget\" data-widget_type=\"heading.default\">\n\t\t\t\t<div class=\"elementor-widget-container\">\n\t\t\t\t\t<h1 class=\"elementor-heading-title elementor-size-default\">Cat\u00e1logo<\/h1>\t\t\t\t<\/div>\n\t\t\t\t<\/div>\n\t\t\t\t\t<\/div>\n\t\t\t\t<\/div>\n\t\t\t\t<\/div>\n\t\t<div class=\"elementor-element elementor-element-d93d9d4 e-flex e-con-boxed e-con e-parent\" data-id=\"d93d9d4\" data-element_type=\"container\">\n\t\t\t\t\t<div class=\"e-con-inner\">\n\t\t\t\t<div class=\"elementor-element elementor-element-af219e7 elementor-widget elementor-widget-spacer\" data-id=\"af219e7\" data-element_type=\"widget\" data-widget_type=\"spacer.default\">\n\t\t\t\t<div class=\"elementor-widget-container\">\n\t\t\t\t\t\t\t<div class=\"elementor-spacer\">\n\t\t\t<div class=\"elementor-spacer-inner\"><\/div>\n\t\t<\/div>\n\t\t\t\t\t\t<\/div>\n\t\t\t\t<\/div>\n\t\t\t\t<div class=\"elementor-element elementor-element-b73c62e elementor-widget elementor-widget-text-editor\" data-id=\"b73c62e\" data-element_type=\"widget\" data-widget_type=\"text-editor.default\">\n\t\t\t\t<div class=\"elementor-widget-container\">\n\t\t\t\t\t\t\t\t\t<h2>Ofrecemos una amplia variedad de equipos de c\u00e1mara de alta gama para alquilar.<\/h2>\n<p>Descarga nuestro cat\u00e1logo completo para ver todo el material que tenemos disponible.<\/p>\n\t\t\t\t\t\t\t\t<\/div>\n\t\t\t\t<\/div>\n\t\t\t\t<div class=\"elementor-element elementor-element-242cc2a download-text elementor-widget elementor-widget-text-editor\" data-id=\"242cc2a\" data-element_type=\"widget\" data-widget_type=\"text-editor.default\">\n\t\t\t\t<div class=\"elementor-widget-container\">\n\t\t\t\t\t\t\t\t\t<p><a href=\"https:\/\/www.kabutostudios.es\/wp-content\/uploads\/2025\/04\/kabuto_rental_catalogue_february_2025.pdf\" target=\"_blank\" rel=\"noopener\"><strong>Descargar nuestro Cat\u00e1logo de Alquiler<\/strong><\/a><\/p>\n\t\t\t\t\t\t\t\t<\/div>\n\t\t\t\t<\/div>\n\t\t\t\t<div class=\"elementor-element elementor-element-155c877 elementor-widget elementor-widget-spacer\" data-id=\"155c877\" data-element_type=\"widget\" data-widget_type=\"spacer.default\">\n\t\t\t\t<div class=\"elementor-widget-container\">\n\t\t\t\t\t\t\t<div class=\"elementor-spacer\">\n\t\t\t<div class=\"elementor-spacer-inner\"><\/div>\n\t\t<\/div>\n\t\t\t\t\t\t<\/div>\n\t\t\t\t<\/div>\n\t\t\t\t\t<\/div>\n\t\t\t\t<\/div>\n\t\t\t\t<\/div>\n\t\t","protected":false},"excerpt":{"rendered":"<p>Cat\u00e1logo Ofrecemos una amplia variedad de equipos de c\u00e1mara de alta gama para alquilar. Descarga nuestro cat\u00e1logo completo para ver todo el material que tenemos disponible. Descargar nuestro Cat\u00e1logo de Alquiler<\/p>\n","protected":false},"author":2,"featured_media":0,"parent":0,"menu_order":0,"comment_status":"closed","ping_status":"closed","template":"elementor_header_footer","meta":{"_acf_changed":false,"ocean_post_layout":"","ocean_both_sidebars_style":"","ocean_both_sidebars_content_width":0,"ocean_both_sidebars_sidebars_width":0,"ocean_sidebar":"","ocean_second_sidebar":"","ocean_disable_margins":"enable","ocean_add_body_class":"","ocean_shortcode_before_top_bar":"","ocean_shortcode_after_top_bar":"","ocean_shortcode_before_header":"","ocean_shortcode_after_header":"","ocean_has_shortcode":"","ocean_shortcode_after_title":"","ocean_shortcode_before_footer_widgets":"","ocean_shortcode_after_footer_widgets":"","ocean_shortcode_before_footer_bottom":"","ocean_shortcode_after_footer_bottom":"","ocean_display_top_bar":"default","ocean_display_header":"default","ocean_header_style":"","ocean_center_header_left_menu":"","ocean_custom_header_template":"","ocean_custom_logo":0,"ocean_custom_retina_logo":0,"ocean_custom_logo_max_width":0,"ocean_custom_logo_tablet_max_width":0,"ocean_custom_logo_mobile_max_width":0,"ocean_custom_logo_max_height":0,"ocean_custom_logo_tablet_max_height":0,"ocean_custom_logo_mobile_max_height":0,"ocean_header_custom_menu":"","ocean_menu_typo_font_family":"","ocean_menu_typo_font_subset":"","ocean_menu_typo_font_size":0,"ocean_menu_typo_font_size_tablet":0,"ocean_menu_typo_font_size_mobile":0,"ocean_menu_typo_font_size_unit":"px","ocean_menu_typo_font_weight":"","ocean_menu_typo_font_weight_tablet":"","ocean_menu_typo_font_weight_mobile":"","ocean_menu_typo_transform":"","ocean_menu_typo_transform_tablet":"","ocean_menu_typo_transform_mobile":"","ocean_menu_typo_line_height":0,"ocean_menu_typo_line_height_tablet":0,"ocean_menu_typo_line_height_mobile":0,"ocean_menu_typo_line_height_unit":"","ocean_menu_typo_spacing":0,"ocean_menu_typo_spacing_tablet":0,"ocean_menu_typo_spacing_mobile":0,"ocean_menu_typo_spacing_unit":"","ocean_menu_link_color":"","ocean_menu_link_color_hover":"","ocean_menu_link_color_active":"","ocean_menu_link_background":"","ocean_menu_link_hover_background":"","ocean_menu_link_active_background":"","ocean_menu_social_links_bg":"","ocean_menu_social_hover_links_bg":"","ocean_menu_social_links_color":"","ocean_menu_social_hover_links_color":"","ocean_disable_title":"default","ocean_disable_heading":"default","ocean_post_title":"","ocean_post_subheading":"","ocean_post_title_style":"","ocean_post_title_background_color":"","ocean_post_title_background":0,"ocean_post_title_bg_image_position":"","ocean_post_title_bg_image_attachment":"","ocean_post_title_bg_image_repeat":"","ocean_post_title_bg_image_size":"","ocean_post_title_height":0,"ocean_post_title_bg_overlay":0.5,"ocean_post_title_bg_overlay_color":"","ocean_disable_breadcrumbs":"default","ocean_breadcrumbs_color":"","ocean_breadcrumbs_separator_color":"","ocean_breadcrumbs_links_color":"","ocean_breadcrumbs_links_hover_color":"","ocean_display_footer_widgets":"default","ocean_display_footer_bottom":"default","ocean_custom_footer_template":"","footnotes":""},"class_list":["post-1917","page","type-page","status-publish","hentry","entry"],"acf":[],"_links":{"self":[{"href":"https:\/\/www.kabutostudios.es\/es\/wp-json\/wp\/v2\/pages\/1917","targetHints":{"allow":["GET"]}}],"collection":[{"href":"https:\/\/www.kabutostudios.es\/es\/wp-json\/wp\/v2\/pages"}],"about":[{"href":"https:\/\/www.kabutostudios.es\/es\/wp-json\/wp\/v2\/types\/page"}],"author":[{"embeddable":true,"href":"https:\/\/www.kabutostudios.es\/es\/wp-json\/wp\/v2\/users\/2"}],"replies":[{"embeddable":true,"href":"https:\/\/www.kabutostudios.es\/es\/wp-json\/wp\/v2\/comments?post=1917"}],"version-history":[{"count":21,"href":"https:\/\/www.kabutostudios.es\/es\/wp-json\/wp\/v2\/pages\/1917\/revisions"}],"predecessor-version":[{"id":3797,"href":"https:\/\/www.kabutostudios.es\/es\/wp-json\/wp\/v2\/pages\/1917\/revisions\/3797"}],"wp:attachment":[{"href":"https:\/\/www.kabutostudios.es\/es\/wp-json\/wp\/v2\/media?parent=1917"}],"curies":[{"name":"wp","href":"https:\/\/api.w.org\/{rel}","templated":true}]}}