{"id":1886,"date":"2024-08-29T19:52:05","date_gmt":"2024-08-29T17:52:05","guid":{"rendered":"https:\/\/www.kabutostudios.es\/sobre-nosotros\/"},"modified":"2026-03-10T13:17:33","modified_gmt":"2026-03-10T12:17:33","slug":"sobre-nosotros","status":"publish","type":"page","link":"https:\/\/www.kabutostudios.es\/es\/sobre-nosotros\/","title":{"rendered":"Nosotros"},"content":{"rendered":"\t\t<div data-elementor-type=\"wp-page\" data-elementor-id=\"1886\" class=\"elementor elementor-1886 elementor-315\">\n\t\t\t\t<div class=\"elementor-element elementor-element-5871f17 e-con-full page-intro intro-video e-flex e-con e-parent\" data-id=\"5871f17\" data-element_type=\"container\" data-settings=\"{&quot;background_background&quot;:&quot;classic&quot;}\">\n\t\t<div class=\"elementor-element elementor-element-ce4dd7b e-con-full intro-img e-flex e-con e-child\" data-id=\"ce4dd7b\" data-element_type=\"container\">\n\t\t\t\t<div class=\"elementor-element elementor-element-4c39557 elementor-widget__width-initial elementor-widget elementor-widget-image\" data-id=\"4c39557\" data-element_type=\"widget\" data-widget_type=\"image.default\">\n\t\t\t\t<div class=\"elementor-widget-container\">\n\t\t\t\t\t\t\t\t\t\t\t\t\t\t\t<img decoding=\"async\" width=\"1599\" height=\"758\" src=\"https:\/\/www.kabutostudios.es\/wp-content\/uploads\/2026\/03\/WhatsApp-Image-2026-03-10-at-12.50.14.jpeg\" class=\"attachment-full size-full wp-image-4439\" alt=\"\" srcset=\"https:\/\/www.kabutostudios.es\/wp-content\/uploads\/2026\/03\/WhatsApp-Image-2026-03-10-at-12.50.14.jpeg 1599w, https:\/\/www.kabutostudios.es\/wp-content\/uploads\/2026\/03\/WhatsApp-Image-2026-03-10-at-12.50.14-300x142.jpeg 300w, https:\/\/www.kabutostudios.es\/wp-content\/uploads\/2026\/03\/WhatsApp-Image-2026-03-10-at-12.50.14-1024x485.jpeg 1024w, https:\/\/www.kabutostudios.es\/wp-content\/uploads\/2026\/03\/WhatsApp-Image-2026-03-10-at-12.50.14-768x364.jpeg 768w, https:\/\/www.kabutostudios.es\/wp-content\/uploads\/2026\/03\/WhatsApp-Image-2026-03-10-at-12.50.14-1536x728.jpeg 1536w\" sizes=\"(max-width: 1599px) 100vw, 1599px\" \/>\t\t\t\t\t\t\t\t\t\t\t\t\t\t\t<\/div>\n\t\t\t\t<\/div>\n\t\t\t\t<\/div>\n\t\t<div class=\"elementor-element elementor-element-e118a16 e-con-full intro-overlay e-flex e-con e-child\" data-id=\"e118a16\" data-element_type=\"container\" data-settings=\"{&quot;position&quot;:&quot;absolute&quot;}\">\n\t\t\t\t<\/div>\n\t\t<div class=\"elementor-element elementor-element-aa470fd e-flex e-con-boxed e-con e-child\" data-id=\"aa470fd\" data-element_type=\"container\">\n\t\t\t\t\t<div class=\"e-con-inner\">\n\t\t\t\t<div class=\"elementor-element elementor-element-b3bb9a1 elementor-widget elementor-widget-heading\" data-id=\"b3bb9a1\" data-element_type=\"widget\" data-widget_type=\"heading.default\">\n\t\t\t\t<div class=\"elementor-widget-container\">\n\t\t\t\t\t<h1 class=\"elementor-heading-title elementor-size-default\">Somos Kabuto<\/h1>\t\t\t\t<\/div>\n\t\t\t\t<\/div>\n\t\t\t\t\t<\/div>\n\t\t\t\t<\/div>\n\t\t\t\t<\/div>\n\t\t<div class=\"elementor-element elementor-element-27f0922 e-con-full title-no-margin-bot no-margin-bot e-flex e-con e-parent\" data-id=\"27f0922\" data-element_type=\"container\">\n\t\t<div class=\"elementor-element elementor-element-40a2624 e-flex e-con-boxed e-con e-child\" data-id=\"40a2624\" data-element_type=\"container\">\n\t\t\t\t\t<div class=\"e-con-inner\">\n\t\t\t\t<div class=\"elementor-element elementor-element-4d4fd25 elementor-widget elementor-widget-spacer\" data-id=\"4d4fd25\" data-element_type=\"widget\" data-widget_type=\"spacer.default\">\n\t\t\t\t<div class=\"elementor-widget-container\">\n\t\t\t\t\t\t\t<div class=\"elementor-spacer\">\n\t\t\t<div class=\"elementor-spacer-inner\"><\/div>\n\t\t<\/div>\n\t\t\t\t\t\t<\/div>\n\t\t\t\t<\/div>\n\t\t\t\t<div class=\"elementor-element elementor-element-348fc28 elementor-widget__width-initial elementor-widget elementor-widget-text-editor\" data-id=\"348fc28\" data-element_type=\"widget\" data-widget_type=\"text-editor.default\">\n\t\t\t\t<div class=\"elementor-widget-container\">\n\t\t\t\t\t\t\t\t\t<h2><strong>Somos Kabuto, ubicado en Barcelona, Espa\u00f1a.<\/strong><\/h2>\n\t\t\t\t\t\t\t\t<\/div>\n\t\t\t\t<\/div>\n\t\t\t\t<div class=\"elementor-element elementor-element-2013777 elementor-widget__width-initial elementor-widget elementor-widget-text-editor\" data-id=\"2013777\" data-element_type=\"widget\" data-widget_type=\"text-editor.default\">\n\t\t\t\t<div class=\"elementor-widget-container\">\n\t\t\t\t\t\t\t\t\t<p>Ofrecemos alquiler de c\u00e1maras de alta gama, incluyendo la ARRI Alexa Mini LF, ARRI Alexa 35 y Phantom Flex4K, junto con una cuidada selecci\u00f3n de \u00f3pticas premium como ARRI Signature Primes, Cooke Optics, Zeiss, Angenieux y Leitz.<\/p>\n<p>Tambi\u00e9n ponemos a tu disposici\u00f3n el BOLT Motion Control Cinebot y un estudio de \u00faltima generaci\u00f3n. Nuestro equipo de profesionales est\u00e1 aqu\u00ed para garantizar que tu producci\u00f3n se desarrolle sin contratiempos, con las mejores herramientas y el mejor soporte.<\/p>\n\t\t\t\t\t\t\t\t<\/div>\n\t\t\t\t<\/div>\n\t\t\t\t<div class=\"elementor-element elementor-element-39eecf9 no-margin-bot elementor-widget elementor-widget-spacer\" data-id=\"39eecf9\" data-element_type=\"widget\" data-widget_type=\"spacer.default\">\n\t\t\t\t<div class=\"elementor-widget-container\">\n\t\t\t\t\t\t\t<div class=\"elementor-spacer\">\n\t\t\t<div class=\"elementor-spacer-inner\"><\/div>\n\t\t<\/div>\n\t\t\t\t\t\t<\/div>\n\t\t\t\t<\/div>\n\t\t\t\t\t<\/div>\n\t\t\t\t<\/div>\n\t\t\t\t<\/div>\n\t\t\t\t<\/div>\n\t\t","protected":false},"excerpt":{"rendered":"<p>Somos Kabuto Somos Kabuto, ubicado en Barcelona, Espa\u00f1a. Ofrecemos alquiler de c\u00e1maras de alta gama, incluyendo la ARRI Alexa Mini LF, ARRI Alexa 35 y Phantom Flex4K, junto con una cuidada selecci\u00f3n de \u00f3pticas premium como ARRI Signature Primes, Cooke Optics, Zeiss, Angenieux y Leitz. Tambi\u00e9n ponemos a tu disposici\u00f3n el BOLT Motion Control Cinebot [&hellip;]<\/p>\n","protected":false},"author":2,"featured_media":0,"parent":0,"menu_order":0,"comment_status":"closed","ping_status":"closed","template":"elementor_header_footer","meta":{"_acf_changed":false,"ocean_post_layout":"","ocean_both_sidebars_style":"","ocean_both_sidebars_content_width":0,"ocean_both_sidebars_sidebars_width":0,"ocean_sidebar":"","ocean_second_sidebar":"","ocean_disable_margins":"enable","ocean_add_body_class":"","ocean_shortcode_before_top_bar":"","ocean_shortcode_after_top_bar":"","ocean_shortcode_before_header":"","ocean_shortcode_after_header":"","ocean_has_shortcode":"","ocean_shortcode_after_title":"","ocean_shortcode_before_footer_widgets":"","ocean_shortcode_after_footer_widgets":"","ocean_shortcode_before_footer_bottom":"","ocean_shortcode_after_footer_bottom":"","ocean_display_top_bar":"default","ocean_display_header":"default","ocean_header_style":"","ocean_center_header_left_menu":"","ocean_custom_header_template":"","ocean_custom_logo":0,"ocean_custom_retina_logo":0,"ocean_custom_logo_max_width":0,"ocean_custom_logo_tablet_max_width":0,"ocean_custom_logo_mobile_max_width":0,"ocean_custom_logo_max_height":0,"ocean_custom_logo_tablet_max_height":0,"ocean_custom_logo_mobile_max_height":0,"ocean_header_custom_menu":"","ocean_menu_typo_font_family":"","ocean_menu_typo_font_subset":"","ocean_menu_typo_font_size":0,"ocean_menu_typo_font_size_tablet":0,"ocean_menu_typo_font_size_mobile":0,"ocean_menu_typo_font_size_unit":"px","ocean_menu_typo_font_weight":"","ocean_menu_typo_font_weight_tablet":"","ocean_menu_typo_font_weight_mobile":"","ocean_menu_typo_transform":"","ocean_menu_typo_transform_tablet":"","ocean_menu_typo_transform_mobile":"","ocean_menu_typo_line_height":0,"ocean_menu_typo_line_height_tablet":0,"ocean_menu_typo_line_height_mobile":0,"ocean_menu_typo_line_height_unit":"","ocean_menu_typo_spacing":0,"ocean_menu_typo_spacing_tablet":0,"ocean_menu_typo_spacing_mobile":0,"ocean_menu_typo_spacing_unit":"","ocean_menu_link_color":"","ocean_menu_link_color_hover":"","ocean_menu_link_color_active":"","ocean_menu_link_background":"","ocean_menu_link_hover_background":"","ocean_menu_link_active_background":"","ocean_menu_social_links_bg":"","ocean_menu_social_hover_links_bg":"","ocean_menu_social_links_color":"","ocean_menu_social_hover_links_color":"","ocean_disable_title":"default","ocean_disable_heading":"default","ocean_post_title":"","ocean_post_subheading":"","ocean_post_title_style":"","ocean_post_title_background_color":"","ocean_post_title_background":0,"ocean_post_title_bg_image_position":"","ocean_post_title_bg_image_attachment":"","ocean_post_title_bg_image_repeat":"","ocean_post_title_bg_image_size":"","ocean_post_title_height":0,"ocean_post_title_bg_overlay":0.5,"ocean_post_title_bg_overlay_color":"","ocean_disable_breadcrumbs":"default","ocean_breadcrumbs_color":"","ocean_breadcrumbs_separator_color":"","ocean_breadcrumbs_links_color":"","ocean_breadcrumbs_links_hover_color":"","ocean_display_footer_widgets":"default","ocean_display_footer_bottom":"default","ocean_custom_footer_template":"","footnotes":""},"class_list":["post-1886","page","type-page","status-publish","hentry","entry"],"acf":[],"_links":{"self":[{"href":"https:\/\/www.kabutostudios.es\/es\/wp-json\/wp\/v2\/pages\/1886","targetHints":{"allow":["GET"]}}],"collection":[{"href":"https:\/\/www.kabutostudios.es\/es\/wp-json\/wp\/v2\/pages"}],"about":[{"href":"https:\/\/www.kabutostudios.es\/es\/wp-json\/wp\/v2\/types\/page"}],"author":[{"embeddable":true,"href":"https:\/\/www.kabutostudios.es\/es\/wp-json\/wp\/v2\/users\/2"}],"replies":[{"embeddable":true,"href":"https:\/\/www.kabutostudios.es\/es\/wp-json\/wp\/v2\/comments?post=1886"}],"version-history":[{"count":56,"href":"https:\/\/www.kabutostudios.es\/es\/wp-json\/wp\/v2\/pages\/1886\/revisions"}],"predecessor-version":[{"id":4443,"href":"https:\/\/www.kabutostudios.es\/es\/wp-json\/wp\/v2\/pages\/1886\/revisions\/4443"}],"wp:attachment":[{"href":"https:\/\/www.kabutostudios.es\/es\/wp-json\/wp\/v2\/media?parent=1886"}],"curies":[{"name":"wp","href":"https:\/\/api.w.org\/{rel}","templated":true}]}}